{"id":930,"date":"2024-04-30T10:56:42","date_gmt":"2024-04-30T08:56:42","guid":{"rendered":"https:\/?post_type=product&#038;p=930"},"modified":"2024-05-02T11:24:29","modified_gmt":"2024-05-02T09:24:29","slug":"album-le-malappris-version-cd","status":"publish","type":"product","link":"https:\/\/perrotchanson.com\/en\/chanson\/album-le-malappris-version-cd\/","title":{"rendered":"Album : Le Malappris (version Cd)"},"content":{"rendered":"<h3>Genesis of the album<\/h3>\n<p>It was at the Murs-Erign\u00e9 media library, a town near Angers, that I had a decisive meeting on May 6, 2023. That evening, the boss of the media library, Thierry Dupont, invited Laurent Thibault to discuss the he glorious time when he was in charge of the Ch\u00e2teau d'H\u00e9rouville studio and the opening of his next studio. At the end of the evening in front of the petits fours, I met Wilfried Chevallier, a drummer from Nantes. I told him of my desire to record my second album. Wilfried listens to me attentively. The appointment is made for the summer holidays.<\/p>\n<h3>Realization<\/h3>\n<p>During the summer, I got to know the people involved in the project. There will be Christophe Langlais on bass, Frantz Taillier on sound, all friends of drummer Wilfried Chevalier from Nantes. The team is formed. Rehearsals begin. The atmosphere is excellent.<\/p>\n<h3>The record<\/h3>\n<p>Eleven songs were selected. On the advice of Frantz Taillier, the studio will be the Garage Herm\u00e9tique in Rez\u00e9, in the suburbs of Nantes. I meet the boss, Olivier Moreau, and his sound engineer, Pierre Le Gac, who prove to be both extraordinarily competent and particularly dedicated people.<\/p>\n<h3>Mixing<\/h3>\n<p>It was directed by Vincent Louvet.<\/p>\n<h3>The spirit of the album<\/h3>\n<p>The album contains so-called \u201ctext\u201d songs. I take particular care in writing my texts. I prefer rich rhyme to sufficient rhyme, sufficient rhyme to poor rhyme, and poor rhyme to no rhyme at all. I am also very sensitive to the rhythm of the sentence. My repertoire covers humorous, eccentric, serious, realistic, historical, sentimental subjects... my musical culture comes from jazz. This can be felt in certain accompaniments.<\/p>\n<h3>Thanks<\/h3>\n<p>I would like to take this opportunity to thank all my friends who helped me make the album.<\/p>","protected":false},"excerpt":{"rendered":"<p>Gen\u00e8se de l\u2019album C\u2019est \u00e0 la m\u00e9diath\u00e8que de Murs-Erign\u00e9, une commune proche d\u2019Angers, que je fait une rencontre d\u00e9terminante le 6 mai 2023. Ce soir-l\u00e0, le patron de la m\u00e9diath\u00e8que, Thierry Dupont, avait invit\u00e9 Laurent Thibault pour \u00e9voquer l\u2019\u00e9poque glorieuse o\u00f9 il tenait les manettes du studio du Ch\u00e2teau d\u2019H\u00e9rouville et l\u2019ouverture de son prochain [&hellip;]<\/p>","protected":false},"featured_media":883,"comment_status":"open","ping_status":"closed","template":"","meta":[],"product_brand":[],"product_cat":[29],"product_tag":[],"class_list":{"0":"post-930","1":"product","2":"type-product","3":"status-publish","4":"has-post-thumbnail","6":"product_cat-album","7":"product_shipping_class-expedition-cd","9":"first","10":"instock","11":"shipping-taxable","12":"purchasable","13":"product-type-simple"},"_links":{"self":[{"href":"https:\/\/perrotchanson.com\/en\/wp-json\/wp\/v2\/product\/930","targetHints":{"allow":["GET"]}}],"collection":[{"href":"https:\/\/perrotchanson.com\/en\/wp-json\/wp\/v2\/product"}],"about":[{"href":"https:\/\/perrotchanson.com\/en\/wp-json\/wp\/v2\/types\/product"}],"replies":[{"embeddable":true,"href":"https:\/\/perrotchanson.com\/en\/wp-json\/wp\/v2\/comments?post=930"}],"wp:featuredmedia":[{"embeddable":true,"href":"https:\/\/perrotchanson.com\/en\/wp-json\/wp\/v2\/media\/883"}],"wp:attachment":[{"href":"https:\/\/perrotchanson.com\/en\/wp-json\/wp\/v2\/media?parent=930"}],"wp:term":[{"taxonomy":"product_brand","embeddable":true,"href":"https:\/\/perrotchanson.com\/en\/wp-json\/wp\/v2\/product_brand?post=930"},{"taxonomy":"product_cat","embeddable":true,"href":"https:\/\/perrotchanson.com\/en\/wp-json\/wp\/v2\/product_cat?post=930"},{"taxonomy":"product_tag","embeddable":true,"href":"https:\/\/perrotchanson.com\/en\/wp-json\/wp\/v2\/product_tag?post=930"}],"curies":[{"name":"wp","href":"https:\/\/api.w.org\/{rel}","templated":true}]}}