{"id":35,"date":"2024-03-08T11:10:31","date_gmt":"2024-03-08T10:10:31","guid":{"rendered":"https:\/?page_id=35"},"modified":"2024-04-13T09:37:49","modified_gmt":"2024-04-13T07:37:49","slug":"a-propos","status":"publish","type":"page","link":"https:\/\/perrotchanson.com\/en\/a-propos\/","title":{"rendered":"About"},"content":{"rendered":"<div data-elementor-type=\"wp-page\" data-elementor-id=\"35\" class=\"elementor elementor-35\" data-elementor-post-type=\"page\">\n\t\t\t\t<div class=\"elementor-element elementor-element-206e6c48 e-flex e-con-boxed e-con e-parent\" data-id=\"206e6c48\" data-element_type=\"container\" data-e-type=\"container\">\n\t\t\t\t\t<div class=\"e-con-inner\">\n\t\t<div class=\"elementor-element elementor-element-42680d2c e-con-full e-flex e-con e-child\" data-id=\"42680d2c\" data-element_type=\"container\" data-e-type=\"container\">\n\t\t\t\t<div class=\"elementor-element elementor-element-2e767077 elementor-widget elementor-widget-image\" data-id=\"2e767077\" data-element_type=\"widget\" data-e-type=\"widget\" data-widget_type=\"image.default\">\n\t\t\t\t<div class=\"elementor-widget-container\">\n\t\t\t\t\t\t\t\t\t\t\t\t\t\t\t<img fetchpriority=\"high\" decoding=\"async\" width=\"768\" height=\"1024\" src=\"https:\/\/perrotchanson.com\/wp-content\/uploads\/2024\/03\/chanteur-768x1024.jpg\" class=\"attachment-large size-large wp-image-108\" alt=\"\" srcset=\"https:\/\/perrotchanson.com\/wp-content\/uploads\/2024\/03\/chanteur-768x1024.jpg 768w, https:\/\/perrotchanson.com\/wp-content\/uploads\/2024\/03\/chanteur-225x300.jpg 225w, https:\/\/perrotchanson.com\/wp-content\/uploads\/2024\/03\/chanteur-600x800.jpg 600w, https:\/\/perrotchanson.com\/wp-content\/uploads\/2024\/03\/chanteur.jpg 1000w\" sizes=\"(max-width: 768px) 100vw, 768px\" \/>\t\t\t\t\t\t\t\t\t\t\t\t\t\t\t<\/div>\n\t\t\t\t<\/div>\n\t\t\t\t<\/div>\n\t\t<div class=\"elementor-element elementor-element-45dfab40 e-con-full e-flex e-con e-child\" data-id=\"45dfab40\" data-element_type=\"container\" data-e-type=\"container\">\n\t\t<div class=\"elementor-element elementor-element-6fc18f29 e-flex e-con-boxed e-con e-child\" data-id=\"6fc18f29\" data-element_type=\"container\" data-e-type=\"container\">\n\t\t\t\t\t<div class=\"e-con-inner\">\n\t\t\t\t<div class=\"elementor-element elementor-element-62a4e39b elementor-widget elementor-widget-heading\" data-id=\"62a4e39b\" data-element_type=\"widget\" data-e-type=\"widget\" data-widget_type=\"heading.default\">\n\t\t\t\t<div class=\"elementor-widget-container\">\n\t\t\t\t\t<span class=\"elementor-heading-title elementor-size-default\">About<\/span>\t\t\t\t<\/div>\n\t\t\t\t<\/div>\n\t\t\t\t<div class=\"elementor-element elementor-element-32bb3541 elementor-widget elementor-widget-heading\" data-id=\"32bb3541\" data-element_type=\"widget\" data-e-type=\"widget\" data-widget_type=\"heading.default\">\n\t\t\t\t<div class=\"elementor-widget-container\">\n\t\t\t\t\t<h2 class=\"elementor-heading-title elementor-size-default\">A few words about the artist\u2026<\/h2>\t\t\t\t<\/div>\n\t\t\t\t<\/div>\n\t\t\t\t\t<\/div>\n\t\t\t\t<\/div>\n\t\t\t\t<div class=\"elementor-element elementor-element-7eb27a19 elementor-position-left elementor-vertical-align-middle elementor-widget elementor-widget-image-box\" data-id=\"7eb27a19\" data-element_type=\"widget\" data-e-type=\"widget\" data-widget_type=\"image-box.default\">\n\t\t\t\t<div class=\"elementor-widget-container\">\n\t\t\t\t\t<div class=\"elementor-image-box-wrapper\"><figure class=\"elementor-image-box-img\"><img decoding=\"async\" width=\"64\" height=\"64\" src=\"https:\/\/perrotchanson.com\/wp-content\/uploads\/2024\/03\/icons8-disque-64.png\" class=\"attachment-full size-full wp-image-118\" alt=\"\" \/><\/figure><div class=\"elementor-image-box-content\"><p class=\"elementor-image-box-description\">I was born in Algeria. After independence, my family was finally reunited in Angers, in the west of France. My education is normal although I am not very passionate about studies. At fifteen I discovered the piano. For two years, lessons were given to me by an old lady. While working relatively little, I am making impressive progress.<\/p><\/div><\/div>\t\t\t\t<\/div>\n\t\t\t\t<\/div>\n\t\t\t\t<div class=\"elementor-element elementor-element-5c777a3a elementor-widget elementor-widget-text-editor\" data-id=\"5c777a3a\" data-element_type=\"widget\" data-e-type=\"widget\" data-widget_type=\"text-editor.default\">\n\t\t\t\t<div class=\"elementor-widget-container\">\n\t\t\t\t\t\t\t\t\t<p><span style=\"color: var( --e-global-color-text ); font-family: var( --e-global-typography-text-font-family ), Sans-serif; font-weight: var( --e-global-typography-text-font-weight ); text-align: var(--text-align); font-size: 1rem;\">After my study, I began management studies. It was at the age of twenty that the momentous encounter took place. By the greatest chance, I met Alain Deschamps. He is a teacher recently arrived in Angers who is also a remarkable pianist specializing in jazz improvisation.<\/span><\/p><p>I have the distinct honor of being his first student.<\/p>\t\t\t\t\t\t\t\t<\/div>\n\t\t\t\t<\/div>\n\t\t\t\t<\/div>\n\t\t\t\t\t<\/div>\n\t\t\t\t<\/div>\n\t\t<div class=\"elementor-element elementor-element-5dee200 e-flex e-con-boxed e-con e-parent\" data-id=\"5dee200\" data-element_type=\"container\" data-e-type=\"container\">\n\t\t\t\t\t<div class=\"e-con-inner\">\n\t\t<div class=\"elementor-element elementor-element-481f2f6 e-con-full e-flex e-con e-child\" data-id=\"481f2f6\" data-element_type=\"container\" data-e-type=\"container\">\n\t\t\t\t<div class=\"elementor-element elementor-element-1687fab elementor-widget elementor-widget-text-editor\" data-id=\"1687fab\" data-element_type=\"widget\" data-e-type=\"widget\" data-widget_type=\"text-editor.default\">\n\t\t\t\t<div class=\"elementor-widget-container\">\n\t\t\t\t\t\t\t\t\t<p>Once I finished my management studies, I worked in industry and education... where I performed more tricks than miracles. I have a certain aversion to hierarchies. You would have seen me selling nails by the kilo or making goat cheese in Loz\u00e8re... these are just noises.<\/p><p>More seriously, I take lessons with Alain Deschamps who introduces me to harmony, rhythm, blues, jazz and lots of stars such as: Armstrong, Art Tatum, Bud Powell, Billie Holiday, Ella Fitzgerald, Bill Evans, Charlie Parker, Miles Davis, John Coltrane\u2026<\/p><p>I have immense gratitude for Alain Deschamps. For me there remains a Master who died too soon.<\/p><p>It was a little before my thirties that I decided to write song lyrics and record them late in life. \u201cLe Malappris\u201d is the title of my 2nd album.<\/p>\t\t\t\t\t\t\t\t<\/div>\n\t\t\t\t<\/div>\n\t\t\t\t<div class=\"elementor-element elementor-element-b0747ad elementor-widget elementor-widget-text-editor\" data-id=\"b0747ad\" data-element_type=\"widget\" data-e-type=\"widget\" data-widget_type=\"text-editor.default\">\n\t\t\t\t<div class=\"elementor-widget-container\">\n\t\t\t\t\t\t\t\t\t<p><strong>Thank you very much for welcoming him.<\/strong><\/p>\t\t\t\t\t\t\t\t<\/div>\n\t\t\t\t<\/div>\n\t\t\t\t<\/div>\n\t\t<div class=\"elementor-element elementor-element-1beb423 e-con-full e-flex e-con e-child\" data-id=\"1beb423\" data-element_type=\"container\" data-e-type=\"container\">\n\t\t\t\t<div class=\"elementor-element elementor-element-43f8edb elementor-widget elementor-widget-image\" data-id=\"43f8edb\" data-element_type=\"widget\" data-e-type=\"widget\" data-widget_type=\"image.default\">\n\t\t\t\t<div class=\"elementor-widget-container\">\n\t\t\t\t\t\t\t\t\t\t\t\t\t\t\t<img decoding=\"async\" width=\"768\" height=\"1024\" src=\"https:\/\/perrotchanson.com\/wp-content\/uploads\/2024\/03\/studio-768x1024.jpg\" class=\"attachment-large size-large wp-image-239\" alt=\"\" srcset=\"https:\/\/perrotchanson.com\/wp-content\/uploads\/2024\/03\/studio-768x1024.jpg 768w, https:\/\/perrotchanson.com\/wp-content\/uploads\/2024\/03\/studio-225x300.jpg 225w, https:\/\/perrotchanson.com\/wp-content\/uploads\/2024\/03\/studio-600x800.jpg 600w, https:\/\/perrotchanson.com\/wp-content\/uploads\/2024\/03\/studio.jpg 1000w\" sizes=\"(max-width: 768px) 100vw, 768px\" \/>\t\t\t\t\t\t\t\t\t\t\t\t\t\t\t<\/div>\n\t\t\t\t<\/div>\n\t\t\t\t<div class=\"elementor-element elementor-element-2afab6d elementor-widget elementor-widget-heading\" data-id=\"2afab6d\" data-element_type=\"widget\" data-e-type=\"widget\" data-widget_type=\"heading.default\">\n\t\t\t\t<div class=\"elementor-widget-container\">\n\t\t\t\t\t<h2 class=\"elementor-heading-title elementor-size-default\">Pierre Le Gac<\/h2>\t\t\t\t<\/div>\n\t\t\t\t<\/div>\n\t\t\t\t<\/div>\n\t\t<div class=\"elementor-element elementor-element-2ffd6ac e-con-full e-flex e-con e-child\" data-id=\"2ffd6ac\" data-element_type=\"container\" data-e-type=\"container\">\n\t\t\t\t<div class=\"elementor-element elementor-element-63d4577 elementor-widget elementor-widget-image\" data-id=\"63d4577\" data-element_type=\"widget\" data-e-type=\"widget\" data-widget_type=\"image.default\">\n\t\t\t\t<div class=\"elementor-widget-container\">\n\t\t\t\t\t\t\t\t\t\t\t\t\t\t\t<img loading=\"lazy\" decoding=\"async\" width=\"759\" height=\"1024\" src=\"https:\/\/perrotchanson.com\/wp-content\/uploads\/2024\/03\/IMG_20240122_162152-1-scaled-e1711037837771-759x1024.jpg\" class=\"attachment-large size-large wp-image-675\" alt=\"\" srcset=\"https:\/\/perrotchanson.com\/wp-content\/uploads\/2024\/03\/IMG_20240122_162152-1-scaled-e1711037837771-759x1024.jpg 759w, https:\/\/perrotchanson.com\/wp-content\/uploads\/2024\/03\/IMG_20240122_162152-1-scaled-e1711037837771-222x300.jpg 222w, https:\/\/perrotchanson.com\/wp-content\/uploads\/2024\/03\/IMG_20240122_162152-1-scaled-e1711037837771-768x1036.jpg 768w, https:\/\/perrotchanson.com\/wp-content\/uploads\/2024\/03\/IMG_20240122_162152-1-scaled-e1711037837771-1139x1536.jpg 1139w, https:\/\/perrotchanson.com\/wp-content\/uploads\/2024\/03\/IMG_20240122_162152-1-scaled-e1711037837771-9x12.jpg 9w, https:\/\/perrotchanson.com\/wp-content\/uploads\/2024\/03\/IMG_20240122_162152-1-scaled-e1711037837771-600x809.jpg 600w, https:\/\/perrotchanson.com\/wp-content\/uploads\/2024\/03\/IMG_20240122_162152-1-scaled-e1711037837771.jpg 1379w\" sizes=\"(max-width: 759px) 100vw, 759px\" \/>\t\t\t\t\t\t\t\t\t\t\t\t\t\t\t<\/div>\n\t\t\t\t<\/div>\n\t\t\t\t<div class=\"elementor-element elementor-element-8cac86a elementor-widget elementor-widget-heading\" data-id=\"8cac86a\" data-element_type=\"widget\" data-e-type=\"widget\" data-widget_type=\"heading.default\">\n\t\t\t\t<div class=\"elementor-widget-container\">\n\t\t\t\t\t<h2 class=\"elementor-heading-title elementor-size-default\">Nicolas Moreau<\/h2>\t\t\t\t<\/div>\n\t\t\t\t<\/div>\n\t\t\t\t<\/div>\n\t\t<div class=\"elementor-element elementor-element-209cf20 e-con-full e-flex e-con e-child\" data-id=\"209cf20\" data-element_type=\"container\" data-e-type=\"container\">\n\t\t\t\t<div class=\"elementor-element elementor-element-ed846ac elementor-widget elementor-widget-image\" data-id=\"ed846ac\" data-element_type=\"widget\" data-e-type=\"widget\" data-widget_type=\"image.default\">\n\t\t\t\t<div class=\"elementor-widget-container\">\n\t\t\t\t\t\t\t\t\t\t\t\t\t\t\t<img loading=\"lazy\" decoding=\"async\" width=\"768\" height=\"1024\" src=\"https:\/\/perrotchanson.com\/wp-content\/uploads\/2024\/03\/chanteur2-768x1024.jpg\" class=\"attachment-large size-large wp-image-241\" alt=\"\" srcset=\"https:\/\/perrotchanson.com\/wp-content\/uploads\/2024\/03\/chanteur2-768x1024.jpg 768w, https:\/\/perrotchanson.com\/wp-content\/uploads\/2024\/03\/chanteur2-225x300.jpg 225w, https:\/\/perrotchanson.com\/wp-content\/uploads\/2024\/03\/chanteur2-1152x1536.jpg 1152w, https:\/\/perrotchanson.com\/wp-content\/uploads\/2024\/03\/chanteur2-600x800.jpg 600w, https:\/\/perrotchanson.com\/wp-content\/uploads\/2024\/03\/chanteur2.jpg 1536w\" sizes=\"(max-width: 768px) 100vw, 768px\" \/>\t\t\t\t\t\t\t\t\t\t\t\t\t\t\t<\/div>\n\t\t\t\t<\/div>\n\t\t\t\t<div class=\"elementor-element elementor-element-681a498 elementor-widget elementor-widget-heading\" data-id=\"681a498\" data-element_type=\"widget\" data-e-type=\"widget\" data-widget_type=\"heading.default\">\n\t\t\t\t<div class=\"elementor-widget-container\">\n\t\t\t\t\t<h2 class=\"elementor-heading-title elementor-size-default\">Fran\u00e7ois Perrot<\/h2>\t\t\t\t<\/div>\n\t\t\t\t<\/div>\n\t\t\t\t<\/div>\n\t\t\t\t\t<\/div>\n\t\t\t\t<\/div>\n\t\t\t\t<\/div>","protected":false},"excerpt":{"rendered":"<p>A propos Quelques mots sur l\u2019artiste\u2026 Je suis n\u00e9 en Alg\u00e9rie. Apr\u00e8s l\u2019ind\u00e9pendance ma famille se retrouve enfin r\u00e9unie \u00e0 Angers, dans l\u2019ouest de la France. Ma scolarit\u00e9 est normale bien que je sois peu passionn\u00e9 par les \u00e9tudes. A quinze ans je d\u00e9couvre le piano. Pendant deux ans, des cours me sont dispens\u00e9s par [&hellip;]<\/p>","protected":false},"author":1,"featured_media":0,"parent":0,"menu_order":0,"comment_status":"closed","ping_status":"closed","template":"","meta":{"footnotes":""},"class_list":["post-35","page","type-page","status-publish","hentry"],"_links":{"self":[{"href":"https:\/\/perrotchanson.com\/en\/wp-json\/wp\/v2\/pages\/35","targetHints":{"allow":["GET"]}}],"collection":[{"href":"https:\/\/perrotchanson.com\/en\/wp-json\/wp\/v2\/pages"}],"about":[{"href":"https:\/\/perrotchanson.com\/en\/wp-json\/wp\/v2\/types\/page"}],"author":[{"embeddable":true,"href":"https:\/\/perrotchanson.com\/en\/wp-json\/wp\/v2\/users\/1"}],"replies":[{"embeddable":true,"href":"https:\/\/perrotchanson.com\/en\/wp-json\/wp\/v2\/comments?post=35"}],"version-history":[{"count":94,"href":"https:\/\/perrotchanson.com\/en\/wp-json\/wp\/v2\/pages\/35\/revisions"}],"predecessor-version":[{"id":907,"href":"https:\/\/perrotchanson.com\/en\/wp-json\/wp\/v2\/pages\/35\/revisions\/907"}],"wp:attachment":[{"href":"https:\/\/perrotchanson.com\/en\/wp-json\/wp\/v2\/media?parent=35"}],"curies":[{"name":"wp","href":"https:\/\/api.w.org\/{rel}","templated":true}]}}